{"id":33,"date":"2021-07-13T13:43:01","date_gmt":"2021-07-13T11:43:01","guid":{"rendered":"http:\/\/namelok.com\/?page_id=33"},"modified":"2023-09-08T10:51:22","modified_gmt":"2023-09-08T08:51:22","slug":"namelok-camp","status":"publish","type":"page","link":"https:\/\/namelok.com\/en\/namelok-camp\/","title":{"rendered":"Namelok Camp"},"content":{"rendered":"<blockquote class=\"wp-block-quote is-layout-flow wp-block-quote-is-layout-flow\">\n<p>There is no key to happiness; the door is always open.<\/p>\n<cite>Mother Teresa<\/cite><\/blockquote>\n\n\n\n<p>We welcome you in the middle of the bush, at an altitude of 1920 m, to discover the Maasai joyful way of life, the culture and spirituality of these First people. A journey into an unknown land that will not leave you unscathed.<\/p>\n\n\n\n<p class=\"has-text-align-center\">Namelok is an alcohol-free place, thank you in advance for your understanding and respect.<\/p>\n\n\n\n<figure class=\"wp-block-gallery has-nested-images columns-default is-cropped wp-block-gallery-1 is-layout-flex wp-block-gallery-is-layout-flex\">\n<figure class=\"wp-block-image size-large\"><img loading=\"lazy\" decoding=\"async\" width=\"1024\" height=\"768\" data-id=\"181\" src=\"https:\/\/namelok.com\/wp-content\/uploads\/2021\/09\/WhatsApp-Image-2021-09-14-at-13.53.18.jpeg\" alt=\"\" class=\"wp-image-181\" srcset=\"https:\/\/namelok.com\/wp-content\/uploads\/2021\/09\/WhatsApp-Image-2021-09-14-at-13.53.18.jpeg 1024w, https:\/\/namelok.com\/wp-content\/uploads\/2021\/09\/WhatsApp-Image-2021-09-14-at-13.53.18-300x225.jpeg 300w, https:\/\/namelok.com\/wp-content\/uploads\/2021\/09\/WhatsApp-Image-2021-09-14-at-13.53.18-768x576.jpeg 768w, https:\/\/namelok.com\/wp-content\/uploads\/2021\/09\/WhatsApp-Image-2021-09-14-at-13.53.18-400x300.jpeg 400w\" sizes=\"auto, (max-width: 1024px) 100vw, 1024px\" \/><figcaption class=\"wp-element-caption\">Two-bed maasai houses for two to four people<\/figcaption><\/figure>\n\n\n\n<figure class=\"wp-block-image size-large\"><img loading=\"lazy\" decoding=\"async\" width=\"768\" height=\"713\" data-id=\"226\" src=\"https:\/\/namelok.com\/wp-content\/uploads\/2021\/09\/cf15fc9c-38e2-426a-a096-c5a0dc4f442f.jpg\" alt=\"\" class=\"wp-image-226\" srcset=\"https:\/\/namelok.com\/wp-content\/uploads\/2021\/09\/cf15fc9c-38e2-426a-a096-c5a0dc4f442f.jpg 768w, https:\/\/namelok.com\/wp-content\/uploads\/2021\/09\/cf15fc9c-38e2-426a-a096-c5a0dc4f442f-300x279.jpg 300w, https:\/\/namelok.com\/wp-content\/uploads\/2021\/09\/cf15fc9c-38e2-426a-a096-c5a0dc4f442f-323x300.jpg 323w\" sizes=\"auto, (max-width: 768px) 100vw, 768px\" \/><figcaption class=\"wp-element-caption\">A few members of our staff<\/figcaption><\/figure>\n\n\n\n<figure class=\"wp-block-image size-large\"><img loading=\"lazy\" decoding=\"async\" width=\"1024\" height=\"768\" data-id=\"177\" src=\"https:\/\/namelok.com\/wp-content\/uploads\/2021\/09\/3.jpeg\" alt=\"\" class=\"wp-image-177\" srcset=\"https:\/\/namelok.com\/wp-content\/uploads\/2021\/09\/3.jpeg 1024w, https:\/\/namelok.com\/wp-content\/uploads\/2021\/09\/3-300x225.jpeg 300w, https:\/\/namelok.com\/wp-content\/uploads\/2021\/09\/3-768x576.jpeg 768w, https:\/\/namelok.com\/wp-content\/uploads\/2021\/09\/3-400x300.jpeg 400w\" sizes=\"auto, (max-width: 1024px) 100vw, 1024px\" \/><figcaption class=\"wp-element-caption\">Maasai houses with a bed for one to two people<\/figcaption><\/figure>\n\n\n\n<figure class=\"wp-block-image size-large\"><img loading=\"lazy\" decoding=\"async\" width=\"1024\" height=\"768\" data-id=\"174\" src=\"https:\/\/namelok.com\/wp-content\/uploads\/2021\/09\/4.jpeg\" alt=\"Coin pour les soir\u00e9es autour du feu\" class=\"wp-image-174\" srcset=\"https:\/\/namelok.com\/wp-content\/uploads\/2021\/09\/4.jpeg 1024w, https:\/\/namelok.com\/wp-content\/uploads\/2021\/09\/4-300x225.jpeg 300w, https:\/\/namelok.com\/wp-content\/uploads\/2021\/09\/4-768x576.jpeg 768w, https:\/\/namelok.com\/wp-content\/uploads\/2021\/09\/4-400x300.jpeg 400w\" sizes=\"auto, (max-width: 1024px) 100vw, 1024px\" \/><figcaption class=\"wp-element-caption\">The corner for evenings around the fire<\/figcaption><\/figure>\n<\/figure>\n\n\n\n<p><\/p>\n\n\n\n<figure class=\"wp-block-video\"><video controls src=\"https:\/\/namelok.com\/wp-content\/uploads\/2022\/01\/Bienvenue-a-Namelok.mov\" playsinline><\/video><\/figure>\n\n\n\n<p><\/p>","protected":false},"excerpt":{"rendered":"<p>Il n&rsquo;y a pas de cl\u00e9 pour le bonheur; la porte est toujours ouverte. M\u00e8re Teresa Voil\u00e0 c\u2019est en plein bush, \u00e0 1920 m d\u2019altitude &hellip;<\/p>","protected":false},"author":1,"featured_media":0,"parent":0,"menu_order":8,"comment_status":"open","ping_status":"closed","template":"","meta":{"footnotes":""},"class_list":["post-33","page","type-page","status-publish","hentry"],"_links":{"self":[{"href":"https:\/\/namelok.com\/en\/wp-json\/wp\/v2\/pages\/33","targetHints":{"allow":["GET"]}}],"collection":[{"href":"https:\/\/namelok.com\/en\/wp-json\/wp\/v2\/pages"}],"about":[{"href":"https:\/\/namelok.com\/en\/wp-json\/wp\/v2\/types\/page"}],"author":[{"embeddable":true,"href":"https:\/\/namelok.com\/en\/wp-json\/wp\/v2\/users\/1"}],"replies":[{"embeddable":true,"href":"https:\/\/namelok.com\/en\/wp-json\/wp\/v2\/comments?post=33"}],"version-history":[{"count":11,"href":"https:\/\/namelok.com\/en\/wp-json\/wp\/v2\/pages\/33\/revisions"}],"predecessor-version":[{"id":865,"href":"https:\/\/namelok.com\/en\/wp-json\/wp\/v2\/pages\/33\/revisions\/865"}],"wp:attachment":[{"href":"https:\/\/namelok.com\/en\/wp-json\/wp\/v2\/media?parent=33"}],"curies":[{"name":"wp","href":"https:\/\/api.w.org\/{rel}","templated":true}]}}