{"id":36,"date":"2021-07-13T13:43:01","date_gmt":"2021-07-13T11:43:01","guid":{"rendered":"http:\/\/namelok.com\/?page_id=36"},"modified":"2022-01-30T16:16:06","modified_gmt":"2022-01-30T15:16:06","slug":"temoignages","status":"publish","type":"page","link":"https:\/\/namelok.com\/en\/namelok-camp\/temoignages\/","title":{"rendered":"Testimonials"},"content":{"rendered":"<blockquote class=\"wp-block-quote has-text-align-left is-style-default is-layout-flow wp-block-quote-is-layout-flow\"><p>Ten days in Namelok, a great experience!<\/p><p>It's a ten-day holiday (I don't use an \"s\" on purpose), in a camp that offers time, <\/p><p>des ciels \u00e9toil\u00e9s, des repas du soir autour du feu, <\/p><p>new sounds, plenty of comfort and delicious food.<\/p><p>Karine and Koitamet and all the staff give us smiles,<\/p><p>attention, safety and organize beautiful walking activities and rich in encounters. <\/p><p>On the way back, in my head and in my heart, many feelings,<\/p><p>of images and the richness of two outstanding discoveries: <\/p><p>The discovery of a way of life outside of our time, in such close connection with what nature offers. <\/p><p>The discovery of an almost limitless landscape, I often had the impression of being \"in the middle of nowhere\"; <\/p><p>in this immensity, the vision of the distant red silhouette of a Maasai <\/p><p>makes you straighten your posture, and you find your feet anchored on this ground of the beginning of humanity <\/p><p>and the head so rightly placed, the quiet eyes scanning the horizon...<\/p><cite>Edith<\/cite><\/blockquote>\n\n\n\n<blockquote class=\"wp-block-quote has-text-align-left is-style-default is-layout-flow wp-block-quote-is-layout-flow\"><p>Namelok Camp is a marvel of authenticity, simplicity, heart, warmth, softness and serenity.<\/p><p>It is a perfect blend of respect for tradition intermingled with a delicate modesty of generosity.<\/p><p>This place vibrates with the sparkle in Karine Nanyorri's eyes.<\/p><p>Of the destiny of her love path, of the deep joy that comes from her heart to the heavens...<\/p><p>And through all this sweetness, spread an egregore of happy people...<\/p><p>Thank you Karine and Koitamet for your warm and genuine welcome.  <\/p><cite>Aurore Nashipa\u00ef<\/cite><\/blockquote>\n\n\n\n<blockquote class=\"wp-block-quote is-layout-flow wp-block-quote-is-layout-flow\"><p>I stayed at Namelok Camp with my then 11 year old daughter in February 2020. <\/p><p>The last houses in the camp were just finished and we had a blast.<\/p><p>The place, the welcome, the colours, the landscapes, the songs, the dances, the laughter and the joy of this people<\/p><p>so open and caring.<\/p><p>We are going back to All Saints' Day 2021 with great joy to see them all again.<\/p><cite>Val\u00e9rie<\/cite><\/blockquote>\n\n\n\n<div class=\"wp-block-group\"><div class=\"wp-block-group__inner-container is-layout-flow wp-block-group-is-layout-flow\">\n<div class=\"wp-block-columns is-layout-flex wp-container-core-columns-is-layout-9d6595d7 wp-block-columns-is-layout-flex\">\n<div class=\"wp-block-column is-layout-flow wp-block-column-is-layout-flow\" style=\"flex-basis:100%\">\n<blockquote class=\"wp-block-quote has-text-align-left is-layout-flow wp-block-quote-is-layout-flow\"><p>As a child, I dreamed of Africa, of \"meeting for real\" the giraffes, elephants and lions... <\/p><p>to see them running in the savannah and to discover other landscapes.<\/p><p>When I was older, I wanted to open up to other people, other cultures... to learn, <\/p><p>exchange, share and enrich myself through new encounters and different ways of life.<\/p><p>This autumn I made those dreams come true and went to Kenya... <\/p><p>not on a tourist tour, but on a different journey, <\/p><p>where authenticity exists, where you live with local people, the Maasai: Namelok Camp.<\/p><p>Even today, many images come back to me; reality has surpassed my dreams.<\/p><p>I was bluffed by this stay where everything starts from the heart:<\/p><p>- generosity, benevolence, the desire to help others<\/p><p>- the pleasure of discovering and sharing the country, its customs and rituals<\/p><p>- the kindness, the smiles, the joie de vivre of everyone, from morning to night.<\/p><p>Even with the language barrier (I don't speak English or Maa), the emotions, the feeling <\/p><p>and dialogue exist... and they are intense. It is a true love encounter.<\/p><p>So thank you Karine, Koitamet and all your team for allowing us to experience these wonderful moments,<\/p><p>Thank you for your fantastic welcome and your daily care.<\/p><p>Thank you for being who you are.<\/p><cite>Muriel<\/cite><\/blockquote>\n<\/div>\n<\/div>\n<\/div><\/div>\n\n\n\n<blockquote class=\"wp-block-quote has-text-align-left is-layout-flow wp-block-quote-is-layout-flow\"><p>Simply the trip of a lifetime!<\/p><p>The perfect way to be in total immersion with the Maasai community and <\/p><p>to live alongside them in comfort.<\/p><cite>Antoine<\/cite><\/blockquote>\n\n\n\n\n\n<blockquote class=\"wp-block-quote is-layout-flow wp-block-quote-is-layout-flow\"><p>I went to Namelok Camp for the first time in February 2020. It was a memorable, beautiful week!<\/p><p>Filled with smiles, unforgettable encounters, sublime colours and a warm welcome by Karine and Koitamet and the whole team.<\/p><p>Since then, I go back every year, it's my breath of fresh air that allows me to refocus.<\/p><p>I highly recommend this wonderful adventure.<\/p><cite>V\u00e9ronique<\/cite><\/blockquote>\n\n\n\n<blockquote class=\"wp-block-quote is-layout-flow wp-block-quote-is-layout-flow\"><p>La r\u00e9gion maasa\u00efe est magnifique. <\/p><p>Chaque jour avec son lot de d\u00e9couvertes : une marche en for\u00eat en se demandant quels animaux on allait croiser, une visite d&rsquo;\u00e9cole lors d&rsquo;un rituel de remerciements, des chants, des danses tout en couleurs, une nuit dans le bush \u00e0 faire griller de la viande et dormir sous un ciel grandiose rempli d&rsquo;\u00e9toiles, un buffle est pass\u00e9 pas tr\u00e8s loin, tu ne l&rsquo;as m\u00eame pas remarqu\u00e9, mais les maasa\u00efs oui. <\/p><p>Le safari pour voir les gnous passer la rivi\u00e8re en perdant un ou deux des leurs, nourriture pour les crocos, sans parler des girafes, des \u00e9l\u00e9phants, des z\u00e8bres, des lions, des gu\u00e9pards, des l\u00e9opards, des buffles et beaucoup d&rsquo;autres animaux. <\/p><p>La vie sauvage au quotidien, authentique et pure, au milieu de gens sympas qui connaissent et savent se pr\u00e9munir des dangers omnipr\u00e9sents, une exp\u00e9rience qui restera grav\u00e9e.<\/p><cite>Philippe<\/cite><\/blockquote>","protected":false},"excerpt":{"rendered":"<p>Dix jours \u00e0 Namelok, une formidable exp\u00e9rience ! Ce sont dix jours de vacance (c\u2019est expr\u00e8s que je ne mets pas de s), dans un &hellip;<\/p>","protected":false},"author":1,"featured_media":0,"parent":33,"menu_order":0,"comment_status":"closed","ping_status":"closed","template":"","meta":{"footnotes":""},"class_list":["post-36","page","type-page","status-publish","hentry"],"_links":{"self":[{"href":"https:\/\/namelok.com\/en\/wp-json\/wp\/v2\/pages\/36","targetHints":{"allow":["GET"]}}],"collection":[{"href":"https:\/\/namelok.com\/en\/wp-json\/wp\/v2\/pages"}],"about":[{"href":"https:\/\/namelok.com\/en\/wp-json\/wp\/v2\/types\/page"}],"author":[{"embeddable":true,"href":"https:\/\/namelok.com\/en\/wp-json\/wp\/v2\/users\/1"}],"replies":[{"embeddable":true,"href":"https:\/\/namelok.com\/en\/wp-json\/wp\/v2\/comments?post=36"}],"version-history":[{"count":43,"href":"https:\/\/namelok.com\/en\/wp-json\/wp\/v2\/pages\/36\/revisions"}],"predecessor-version":[{"id":805,"href":"https:\/\/namelok.com\/en\/wp-json\/wp\/v2\/pages\/36\/revisions\/805"}],"up":[{"embeddable":true,"href":"https:\/\/namelok.com\/en\/wp-json\/wp\/v2\/pages\/33"}],"wp:attachment":[{"href":"https:\/\/namelok.com\/en\/wp-json\/wp\/v2\/media?parent=36"}],"curies":[{"name":"wp","href":"https:\/\/api.w.org\/{rel}","templated":true}]}}