{"id":27,"date":"2021-07-13T13:43:01","date_gmt":"2021-07-13T11:43:01","guid":{"rendered":"http:\/\/namelok.com\/?page_id=27"},"modified":"2022-01-30T16:25:01","modified_gmt":"2022-01-30T15:25:01","slug":"qui-nous-sommes","status":"publish","type":"page","link":"https:\/\/namelok.com\/fr\/qui-nous-sommes\/","title":{"rendered":"Qui sommes-nous?"},"content":{"rendered":"\n<div class=\"wp-block-columns is-layout-flex wp-container-core-columns-is-layout-9d6595d7 wp-block-columns-is-layout-flex\">\n<div class=\"wp-block-column is-layout-flow wp-block-column-is-layout-flow\">\n<h2 class=\"has-text-align-center wp-block-heading\">Karine Nanyorri Rapp<\/h2>\n<\/div>\n\n\n\n<div class=\"wp-block-column is-layout-flow wp-block-column-is-layout-flow\"><\/div>\n<\/div>\n\n\n\n<div class=\"wp-block-columns is-layout-flex wp-container-core-columns-is-layout-9d6595d7 wp-block-columns-is-layout-flex\">\n<div class=\"wp-block-column is-layout-flow wp-block-column-is-layout-flow\">\n<figure class=\"wp-block-image size-full is-style-rounded\"><img loading=\"lazy\" decoding=\"async\" width=\"722\" height=\"542\" src=\"https:\/\/namelok.com\/wp-content\/uploads\/2021\/09\/karine.jpg\" alt=\"\" class=\"wp-image-197\" srcset=\"https:\/\/namelok.com\/wp-content\/uploads\/2021\/09\/karine.jpg 722w, https:\/\/namelok.com\/wp-content\/uploads\/2021\/09\/karine-300x225.jpg 300w, https:\/\/namelok.com\/wp-content\/uploads\/2021\/09\/karine-400x300.jpg 400w\" sizes=\"auto, (max-width: 722px) 100vw, 722px\" \/><\/figure>\n<\/div>\n\n\n\n<div class=\"wp-block-column is-layout-flow wp-block-column-is-layout-flow\">\n<p><strong>Amoureuse de la vie,<\/strong><\/p>\n\n\n\n<p>je la d\u00e9guste \u00e0 chaque instant ! Un petit rien m\u2019\u00e9merveille, une chanson, un sourire, un livre ou m\u00eame une phrase, un mot, un plat, une saveur nouvelle, un brin d\u2019herbe, un nuage\u2026 <\/p>\n\n\n\n<p>Maman de trois jeunes adultes, je suis passionn\u00e9e par l\u2019Humain, les voyages et la nouveaut\u00e9. J\u2019aime rire, apprendre, lire, voyager, d\u00e9couvrir, rencontrer, photographier !<\/p>\n\n\n\n<p>Pour moi, l\u2019existence est magique d\u00e8s lors que l\u2019on ouvre nos sens \u00e0 la vie et que l\u2019on se met \u00e0 l\u2019\u00e9coute des clins d\u2019\u0153il qui nous font prendre conscience que l\u2019on est sur le bon chemin, notre chemin !<\/p>\n\n\n\n<p>Mon chemin est maintenant en Afrique, en pays maasa\u00ef aupr\u00e8s de mon compagnon.<\/p>\n\n\n\n<p>C\u2019est avec plaisir que je suis l\u00e0 pour vous faire d\u00e9couvrir une autre fa\u00e7on d\u2019appr\u00e9hender votre vie, afin de vous permettre d\u2019\u00e9couter vos r\u00eaves et voire m\u00eame&#8230; de transformer votre vision du monde, pourquoi pas !<\/p>\n<\/div>\n<\/div>\n\n\n\n<div class=\"wp-block-columns is-layout-flex wp-container-core-columns-is-layout-9d6595d7 wp-block-columns-is-layout-flex\">\n<div class=\"wp-block-column is-layout-flow wp-block-column-is-layout-flow\"><\/div>\n\n\n\n<div class=\"wp-block-column is-layout-flow wp-block-column-is-layout-flow\">\n<h2 class=\"has-text-align-center wp-block-heading\">Koitamet ole Solio<\/h2>\n<\/div>\n<\/div>\n\n\n\n<div class=\"wp-block-columns is-layout-flex wp-container-core-columns-is-layout-9d6595d7 wp-block-columns-is-layout-flex\">\n<div class=\"wp-block-column is-layout-flow wp-block-column-is-layout-flow\" style=\"flex-basis:100%\">\n<div class=\"wp-block-columns is-layout-flex wp-container-core-columns-is-layout-9d6595d7 wp-block-columns-is-layout-flex\">\n<div class=\"wp-block-column is-layout-flow wp-block-column-is-layout-flow\">\n<div class=\"wp-block-columns is-layout-flex wp-container-core-columns-is-layout-9d6595d7 wp-block-columns-is-layout-flex\">\n<div class=\"wp-block-column is-layout-flow wp-block-column-is-layout-flow\">\n<p><strong>N\u00e9 pour \u00eatre heureux,&nbsp;<\/strong><\/p>\n\n\n\n<p>papa de cinq enfants, je suis le premier de ma famille \u00e0 avoir pu aller \u00e0 l\u2019\u00e9cole et c\u2019est une grande fiert\u00e9.<\/p>\n\n\n\n<p>Pour moi, la joie est quelque chose de primordial, c&rsquo;est elle qui nous m\u00e8ne au bonheur. Elle est pr\u00e9sente en moi et fait partie de la base de la philosophie maasa\u00efe. Je la vis au quditien et elle m&rsquo;accompagne dans ma fa\u00e7on de penser. <\/p>\n\n\n\n<p>C\u2019est cet \u00e9tat d&rsquo;\u00eatre, entre autres&#8230; que&nbsp;je souhaite partager avec vous.<\/p>\n\n\n\n<p>Lors de votre venue \u00e0 Namelok, je serai l\u00e0 pour partager avec vous tout ce qui fait partie de moi et de notre communaut\u00e9 maasa\u00efe. Je vous transmettrai mes savoirs sur&nbsp;&nbsp;notre spiritualit\u00e9, notre mode de vie, nos croyances et notre connaissance du monde qui nous entoure, qu&rsquo;il soit v\u00e9g\u00e9tal ou animal.<\/p>\n\n\n\n<p>C\u2019est avec plaisir que je vous ferai d\u00e9couvrir une fa\u00e7on diff\u00e9rente de vivre, de voir les choses et d\u2019ouvrir votre c\u0153ur&nbsp;&nbsp;tout naturellement.<\/p>\n\n\n\n<p><\/p>\n\n\n\n<p><\/p>\n\n\n\n<p><\/p>\n<\/div>\n\n\n\n<div class=\"wp-block-column is-layout-flow wp-block-column-is-layout-flow\">\n<figure class=\"wp-block-image size-full is-style-rounded\"><img loading=\"lazy\" decoding=\"async\" width=\"1024\" height=\"768\" src=\"https:\/\/namelok.com\/wp-content\/uploads\/2021\/09\/WhatsApp-Image-2021-09-14-at-15.37.59.jpeg\" alt=\"\" class=\"wp-image-196\" srcset=\"https:\/\/namelok.com\/wp-content\/uploads\/2021\/09\/WhatsApp-Image-2021-09-14-at-15.37.59.jpeg 1024w, https:\/\/namelok.com\/wp-content\/uploads\/2021\/09\/WhatsApp-Image-2021-09-14-at-15.37.59-300x225.jpeg 300w, https:\/\/namelok.com\/wp-content\/uploads\/2021\/09\/WhatsApp-Image-2021-09-14-at-15.37.59-768x576.jpeg 768w, https:\/\/namelok.com\/wp-content\/uploads\/2021\/09\/WhatsApp-Image-2021-09-14-at-15.37.59-400x300.jpeg 400w\" sizes=\"auto, (max-width: 1024px) 100vw, 1024px\" \/><\/figure>\n<\/div>\n<\/div>\n<\/div>\n<\/div>\n<\/div>\n<\/div>\n\n\n\n<div class=\"wp-block-group\"><div class=\"wp-block-group__inner-container is-layout-flow wp-block-group-is-layout-flow\">\n<h4 class=\"has-text-align-center wp-block-heading\">Au plaisir de vous rencontrer et de partager notre vie et bien plus, <br>avec vous, lors d&rsquo;un voyage vers l&rsquo;authenticit\u00e9, l&rsquo;ouverture de coeur et la joie.<\/h4>\n\n\n\n<p><\/p>\n\n\n\n<p class=\"has-text-align-center\">Karine Nanyorri et Koitamet<\/p>\n<\/div><\/div>\n\n\n\n<hr class=\"wp-block-separator\"\/>\n\n\n\n<div class=\"wp-block-image\"><figure class=\"aligncenter size-full is-resized\"><img loading=\"lazy\" decoding=\"async\" src=\"https:\/\/namelok.com\/wp-content\/uploads\/2022\/01\/a5ae03c2-75cf-4ee7-9b3b-44b450fd6ae4.jpg\" alt=\"\" class=\"wp-image-705\" width=\"736\" height=\"538\" srcset=\"https:\/\/namelok.com\/wp-content\/uploads\/2022\/01\/a5ae03c2-75cf-4ee7-9b3b-44b450fd6ae4.jpg 1024w, https:\/\/namelok.com\/wp-content\/uploads\/2022\/01\/a5ae03c2-75cf-4ee7-9b3b-44b450fd6ae4-300x220.jpg 300w, https:\/\/namelok.com\/wp-content\/uploads\/2022\/01\/a5ae03c2-75cf-4ee7-9b3b-44b450fd6ae4-16x12.jpg 16w, https:\/\/namelok.com\/wp-content\/uploads\/2022\/01\/a5ae03c2-75cf-4ee7-9b3b-44b450fd6ae4-410x300.jpg 410w\" sizes=\"auto, (max-width: 736px) 100vw, 736px\" \/><\/figure><\/div>\n","protected":false},"excerpt":{"rendered":"<p>Karine Nanyorri Rapp Amoureuse de la vie, je la d\u00e9guste \u00e0 chaque instant ! Un petit rien m\u2019\u00e9merveille, une chanson, un sourire, un livre ou &hellip;<\/p>\n","protected":false},"author":1,"featured_media":0,"parent":0,"menu_order":8,"comment_status":"closed","ping_status":"closed","template":"","meta":{"footnotes":""},"class_list":["post-27","page","type-page","status-publish","hentry"],"_links":{"self":[{"href":"https:\/\/namelok.com\/fr\/wp-json\/wp\/v2\/pages\/27","targetHints":{"allow":["GET"]}}],"collection":[{"href":"https:\/\/namelok.com\/fr\/wp-json\/wp\/v2\/pages"}],"about":[{"href":"https:\/\/namelok.com\/fr\/wp-json\/wp\/v2\/types\/page"}],"author":[{"embeddable":true,"href":"https:\/\/namelok.com\/fr\/wp-json\/wp\/v2\/users\/1"}],"replies":[{"embeddable":true,"href":"https:\/\/namelok.com\/fr\/wp-json\/wp\/v2\/comments?post=27"}],"version-history":[{"count":33,"href":"https:\/\/namelok.com\/fr\/wp-json\/wp\/v2\/pages\/27\/revisions"}],"predecessor-version":[{"id":812,"href":"https:\/\/namelok.com\/fr\/wp-json\/wp\/v2\/pages\/27\/revisions\/812"}],"wp:attachment":[{"href":"https:\/\/namelok.com\/fr\/wp-json\/wp\/v2\/media?parent=27"}],"curies":[{"name":"wp","href":"https:\/\/api.w.org\/{rel}","templated":true}]}}