{"id":34,"date":"2021-07-13T13:43:01","date_gmt":"2021-07-13T11:43:01","guid":{"rendered":"http:\/\/namelok.com\/?page_id=34"},"modified":"2026-03-07T17:56:38","modified_gmt":"2026-03-07T16:56:38","slug":"ce-que-nous-vous-proposons","status":"publish","type":"page","link":"https:\/\/namelok.com\/fr\/namelok-camp\/ce-que-nous-vous-proposons\/","title":{"rendered":"Ce que nous vous proposons"},"content":{"rendered":"\n<blockquote class=\"wp-block-quote is-style-large is-layout-flow wp-block-quote-is-layout-flow\">\n<p>Associez-vous \u00e0 ceux qui jouissent de la vie, et qui ont la joie dans les yeux.<\/p>\n<cite>Paulo Coelho<\/cite><\/blockquote>\n\n\n\n<p><\/p>\n\n\n\n<h2 class=\"wp-block-heading\">Une exp\u00e9rience hors normes loin des sentiers touristiques<\/h2>\n\n\n\n<p>C&rsquo;est l\u00e0 en pays maasa\u00ef, au Kenya, que nous vivons sur les terres de Koitamet, au coeur d&rsquo;une nature pr\u00e9serv\u00e9e et sauvage. Et c&rsquo;est l\u00e0 que l&rsquo;id\u00e9e de partager notre quotidien a pris forme.<\/p>\n\n\n\n<p>Le partage est notre philosophie \u00e0 tous les deux. Partager oui, mais avec authenticit\u00e9 et g\u00e9n\u00e9rosit\u00e9.<\/p>\n\n\n\n<p>C&rsquo;est pourquoi, petit \u00e0 petit, nous avons construit quelques maisons maasa\u00efes avec l&rsquo;aide de nos voisin(e)s et ami(e)s. Elles sont au nombre de huit maintenant, quatre avec un lit et quatre avec deux lits.<\/p>\n\n\n\n<p>Le programme n&rsquo;est jamais le m\u00eame d&rsquo;une semaine \u00e0 l&rsquo;autre car il s&rsquo;adapte \u00e0 la vie locale et aux \u00e9v\u00e8nements qui se pr\u00e9sentent \u00e0 nous.<\/p>\n\n\n\n<p>Nous vous accueillons, que vous soyez seul, en famille ou entre amis pour quelques nuits ou pour bien plus longtemps.<\/p>\n\n\n\n<p>Ce que nous pouvons vous promettre, c&rsquo;est que vous allez y contacter la joie et l&rsquo;ouverture de coeur. Ce peuple est un professeur magnifique pour cela.<\/p>\n\n\n\n<p>Tout ou presque est possible : des excursions au Maasa\u00ef Mara (r\u00e9serve animali\u00e8re), trecks ou simples balades dans la for\u00eat primaire Naimina Enkiyio (for\u00eat sacr\u00e9e du peuple maasa\u00ef), nuits \u00e0 la belle \u00e9toile comme les moranes (guerriers maasa\u00efs), marche, tir \u00e0 l&rsquo;arc, lancer de lance, fabrication de bijoux, soir\u00e9es autour du feu, chants, danses et bien plus encore.<\/p>\n\n\n\n<p>Nous vous proposons de venir vous chercher \u00e0 Nairobi ou dans le Maasa\u00ef Mara.<\/p>\n\n\n\n<p>Il faut savoir que nous vivons, comme la communaut\u00e9 alentour, sans eau courante ni \u00e9lectricit\u00e9. Possibilit\u00e9 toutefois de charger votre t\u00e9l\u00e9phone et autres avec des chargeurs solaires. <\/p>\n\n\n\n<p>Au plaisir de vous y accueillir et \u00e0 disposition pour tout compl\u00e9ment d&rsquo;information que vous pourriez souhaiter.<\/p>\n\n\n\n<p>Un conseil&#8230; sortez de votre zone de confort et nous vous promettons que vous ne le regretterez pas. <\/p>\n\n\n\n<p>C&rsquo;est une exp\u00e9rience \u00e0 vivre une fois dans sa vie&#8230; mais attention&#8230; en g\u00e9n\u00e9ral les gens reviennent&#8230; c&rsquo;est le risque \u00e0 prendre.<br><br><\/p>\n\n\n\n<div class=\"wp-block-buttons is-layout-flex wp-block-buttons-is-layout-flex\">\n<div class=\"wp-block-button has-custom-width wp-block-button__width-100\"><a class=\"wp-block-button__link has-sitebg-color has-accent-2-background-color has-text-color has-background wp-element-button\" href=\"https:\/\/namelok.com\/wp-content\/uploads\/2026\/03\/Namelok-tarifs-2026.pdf\" target=\"_blank\" rel=\"noreferrer noopener\">TARIFS<\/a><\/div>\n<\/div>\n\n\n\n<p><\/p>\n","protected":false},"excerpt":{"rendered":"<p>Associez-vous \u00e0 ceux qui jouissent de la vie, et qui ont la joie dans les yeux. Paulo Coelho Une exp\u00e9rience hors normes loin des sentiers &hellip;<\/p>\n","protected":false},"author":1,"featured_media":0,"parent":33,"menu_order":0,"comment_status":"closed","ping_status":"closed","template":"","meta":{"footnotes":""},"class_list":["post-34","page","type-page","status-publish","hentry"],"_links":{"self":[{"href":"https:\/\/namelok.com\/fr\/wp-json\/wp\/v2\/pages\/34","targetHints":{"allow":["GET"]}}],"collection":[{"href":"https:\/\/namelok.com\/fr\/wp-json\/wp\/v2\/pages"}],"about":[{"href":"https:\/\/namelok.com\/fr\/wp-json\/wp\/v2\/types\/page"}],"author":[{"embeddable":true,"href":"https:\/\/namelok.com\/fr\/wp-json\/wp\/v2\/users\/1"}],"replies":[{"embeddable":true,"href":"https:\/\/namelok.com\/fr\/wp-json\/wp\/v2\/comments?post=34"}],"version-history":[{"count":14,"href":"https:\/\/namelok.com\/fr\/wp-json\/wp\/v2\/pages\/34\/revisions"}],"predecessor-version":[{"id":895,"href":"https:\/\/namelok.com\/fr\/wp-json\/wp\/v2\/pages\/34\/revisions\/895"}],"up":[{"embeddable":true,"href":"https:\/\/namelok.com\/fr\/wp-json\/wp\/v2\/pages\/33"}],"wp:attachment":[{"href":"https:\/\/namelok.com\/fr\/wp-json\/wp\/v2\/media?parent=34"}],"curies":[{"name":"wp","href":"https:\/\/api.w.org\/{rel}","templated":true}]}}