{"id":35,"date":"2021-07-13T13:43:01","date_gmt":"2021-07-13T11:43:01","guid":{"rendered":"http:\/\/namelok.com\/?page_id=35"},"modified":"2022-01-25T13:07:43","modified_gmt":"2022-01-25T12:07:43","slug":"photos","status":"publish","type":"page","link":"https:\/\/namelok.com\/fr\/namelok-camp\/photos\/","title":{"rendered":"Photos"},"content":{"rendered":"\n<p>Autour de chez nous&#8230;<\/p>\n\n\n\n<div class=\"wp-block-image\"><figure class=\"aligncenter size-large\"><img loading=\"lazy\" decoding=\"async\" width=\"1024\" height=\"683\" src=\"https:\/\/namelok.com\/wp-content\/uploads\/2021\/09\/IMG_1336-1024x683.jpg\" alt=\"\" class=\"wp-image-285\" srcset=\"https:\/\/namelok.com\/wp-content\/uploads\/2021\/09\/IMG_1336-1024x683.jpg 1024w, https:\/\/namelok.com\/wp-content\/uploads\/2021\/09\/IMG_1336-300x200.jpg 300w, https:\/\/namelok.com\/wp-content\/uploads\/2021\/09\/IMG_1336-768x512.jpg 768w, https:\/\/namelok.com\/wp-content\/uploads\/2021\/09\/IMG_1336-1536x1024.jpg 1536w, https:\/\/namelok.com\/wp-content\/uploads\/2021\/09\/IMG_1336-2048x1365.jpg 2048w, https:\/\/namelok.com\/wp-content\/uploads\/2021\/09\/IMG_1336-450x300.jpg 450w\" sizes=\"auto, (max-width: 1024px) 100vw, 1024px\" \/><figcaption>Journ\u00e9e de c\u00e9r\u00e9monie \u00e0 Namelok Camp<\/figcaption><\/figure><\/div>\n\n\n\n<figure class=\"wp-block-gallery aligncenter columns-3 is-cropped wp-block-gallery-1 is-layout-flex wp-block-gallery-is-layout-flex\"><ul class=\"blocks-gallery-grid\"><li class=\"blocks-gallery-item\"><figure><img loading=\"lazy\" decoding=\"async\" width=\"768\" height=\"1024\" src=\"https:\/\/namelok.com\/wp-content\/uploads\/2021\/09\/IMG_1741-768x1024.jpg\" alt=\"\" data-id=\"287\" class=\"wp-image-287\" srcset=\"https:\/\/namelok.com\/wp-content\/uploads\/2021\/09\/IMG_1741-768x1024.jpg 768w, https:\/\/namelok.com\/wp-content\/uploads\/2021\/09\/IMG_1741-225x300.jpg 225w, https:\/\/namelok.com\/wp-content\/uploads\/2021\/09\/IMG_1741-1152x1536.jpg 1152w, https:\/\/namelok.com\/wp-content\/uploads\/2021\/09\/IMG_1741-1536x2048.jpg 1536w, https:\/\/namelok.com\/wp-content\/uploads\/2021\/09\/IMG_1741-scaled.jpg 1920w\" sizes=\"auto, (max-width: 768px) 100vw, 768px\" \/><\/figure><\/li><li class=\"blocks-gallery-item\"><figure><img loading=\"lazy\" decoding=\"async\" width=\"1024\" height=\"683\" src=\"https:\/\/namelok.com\/wp-content\/uploads\/2022\/01\/IMG_1046-1024x683.jpg\" alt=\"\" data-id=\"651\" data-link=\"https:\/\/namelok.com\/namelok-camp\/photos\/img_1046-2\/\" class=\"wp-image-651\" srcset=\"https:\/\/namelok.com\/wp-content\/uploads\/2022\/01\/IMG_1046-1024x683.jpg 1024w, https:\/\/namelok.com\/wp-content\/uploads\/2022\/01\/IMG_1046-300x200.jpg 300w, https:\/\/namelok.com\/wp-content\/uploads\/2022\/01\/IMG_1046-768x512.jpg 768w, https:\/\/namelok.com\/wp-content\/uploads\/2022\/01\/IMG_1046-1536x1024.jpg 1536w, https:\/\/namelok.com\/wp-content\/uploads\/2022\/01\/IMG_1046-2048x1365.jpg 2048w, https:\/\/namelok.com\/wp-content\/uploads\/2022\/01\/IMG_1046-18x12.jpg 18w, https:\/\/namelok.com\/wp-content\/uploads\/2022\/01\/IMG_1046-450x300.jpg 450w\" sizes=\"auto, (max-width: 1024px) 100vw, 1024px\" \/><\/figure><\/li><li class=\"blocks-gallery-item\"><figure><img loading=\"lazy\" decoding=\"async\" width=\"1024\" height=\"683\" src=\"https:\/\/namelok.com\/wp-content\/uploads\/2022\/01\/IMG_1278-1024x683.jpg\" alt=\"\" data-id=\"652\" data-link=\"https:\/\/namelok.com\/namelok-camp\/photos\/img_1278-2\/\" class=\"wp-image-652\" srcset=\"https:\/\/namelok.com\/wp-content\/uploads\/2022\/01\/IMG_1278-1024x683.jpg 1024w, https:\/\/namelok.com\/wp-content\/uploads\/2022\/01\/IMG_1278-300x200.jpg 300w, https:\/\/namelok.com\/wp-content\/uploads\/2022\/01\/IMG_1278-768x512.jpg 768w, https:\/\/namelok.com\/wp-content\/uploads\/2022\/01\/IMG_1278-1536x1024.jpg 1536w, https:\/\/namelok.com\/wp-content\/uploads\/2022\/01\/IMG_1278-2048x1365.jpg 2048w, https:\/\/namelok.com\/wp-content\/uploads\/2022\/01\/IMG_1278-18x12.jpg 18w, https:\/\/namelok.com\/wp-content\/uploads\/2022\/01\/IMG_1278-450x300.jpg 450w\" sizes=\"auto, (max-width: 1024px) 100vw, 1024px\" \/><\/figure><\/li><li class=\"blocks-gallery-item\"><figure><img loading=\"lazy\" decoding=\"async\" width=\"1024\" height=\"768\" src=\"https:\/\/namelok.com\/wp-content\/uploads\/2022\/01\/IMG_5670-1024x768.jpg\" alt=\"\" data-id=\"655\" data-link=\"https:\/\/namelok.com\/namelok-camp\/photos\/img_5670\/\" class=\"wp-image-655\" srcset=\"https:\/\/namelok.com\/wp-content\/uploads\/2022\/01\/IMG_5670-1024x768.jpg 1024w, https:\/\/namelok.com\/wp-content\/uploads\/2022\/01\/IMG_5670-300x225.jpg 300w, https:\/\/namelok.com\/wp-content\/uploads\/2022\/01\/IMG_5670-768x576.jpg 768w, https:\/\/namelok.com\/wp-content\/uploads\/2022\/01\/IMG_5670-1536x1152.jpg 1536w, https:\/\/namelok.com\/wp-content\/uploads\/2022\/01\/IMG_5670-2048x1536.jpg 2048w, https:\/\/namelok.com\/wp-content\/uploads\/2022\/01\/IMG_5670-16x12.jpg 16w, https:\/\/namelok.com\/wp-content\/uploads\/2022\/01\/IMG_5670-400x300.jpg 400w\" sizes=\"auto, (max-width: 1024px) 100vw, 1024px\" \/><\/figure><\/li><li class=\"blocks-gallery-item\"><figure><img loading=\"lazy\" decoding=\"async\" width=\"768\" height=\"1024\" src=\"https:\/\/namelok.com\/wp-content\/uploads\/2022\/01\/IMG_9424-768x1024.jpg\" alt=\"\" data-id=\"656\" data-link=\"https:\/\/namelok.com\/namelok-camp\/photos\/olympus-digital-camera-13\/\" class=\"wp-image-656\" srcset=\"https:\/\/namelok.com\/wp-content\/uploads\/2022\/01\/IMG_9424-768x1024.jpg 768w, https:\/\/namelok.com\/wp-content\/uploads\/2022\/01\/IMG_9424-225x300.jpg 225w, https:\/\/namelok.com\/wp-content\/uploads\/2022\/01\/IMG_9424-1152x1536.jpg 1152w, https:\/\/namelok.com\/wp-content\/uploads\/2022\/01\/IMG_9424-1536x2048.jpg 1536w, https:\/\/namelok.com\/wp-content\/uploads\/2022\/01\/IMG_9424-9x12.jpg 9w, https:\/\/namelok.com\/wp-content\/uploads\/2022\/01\/IMG_9424-scaled.jpg 1920w\" sizes=\"auto, (max-width: 768px) 100vw, 768px\" \/><\/figure><\/li><li class=\"blocks-gallery-item\"><figure><img loading=\"lazy\" decoding=\"async\" width=\"1024\" height=\"768\" src=\"https:\/\/namelok.com\/wp-content\/uploads\/2022\/01\/IMG_9474-1024x768.jpg\" alt=\"\" data-id=\"657\" data-link=\"https:\/\/namelok.com\/namelok-camp\/photos\/olympus-digital-camera-14\/\" class=\"wp-image-657\" srcset=\"https:\/\/namelok.com\/wp-content\/uploads\/2022\/01\/IMG_9474-1024x768.jpg 1024w, https:\/\/namelok.com\/wp-content\/uploads\/2022\/01\/IMG_9474-300x225.jpg 300w, https:\/\/namelok.com\/wp-content\/uploads\/2022\/01\/IMG_9474-768x576.jpg 768w, https:\/\/namelok.com\/wp-content\/uploads\/2022\/01\/IMG_9474-1536x1152.jpg 1536w, https:\/\/namelok.com\/wp-content\/uploads\/2022\/01\/IMG_9474-2048x1536.jpg 2048w, https:\/\/namelok.com\/wp-content\/uploads\/2022\/01\/IMG_9474-16x12.jpg 16w, https:\/\/namelok.com\/wp-content\/uploads\/2022\/01\/IMG_9474-400x300.jpg 400w\" sizes=\"auto, (max-width: 1024px) 100vw, 1024px\" \/><\/figure><\/li><li class=\"blocks-gallery-item\"><figure><img loading=\"lazy\" decoding=\"async\" width=\"1024\" height=\"576\" src=\"https:\/\/namelok.com\/wp-content\/uploads\/2022\/01\/DSC02688-1024x576.jpg\" alt=\"\" data-id=\"660\" data-link=\"https:\/\/namelok.com\/namelok-camp\/photos\/dsc02688\/\" class=\"wp-image-660\" srcset=\"https:\/\/namelok.com\/wp-content\/uploads\/2022\/01\/DSC02688-1024x576.jpg 1024w, https:\/\/namelok.com\/wp-content\/uploads\/2022\/01\/DSC02688-300x169.jpg 300w, https:\/\/namelok.com\/wp-content\/uploads\/2022\/01\/DSC02688-768x432.jpg 768w, https:\/\/namelok.com\/wp-content\/uploads\/2022\/01\/DSC02688-1536x865.jpg 1536w, https:\/\/namelok.com\/wp-content\/uploads\/2022\/01\/DSC02688-2048x1153.jpg 2048w, https:\/\/namelok.com\/wp-content\/uploads\/2022\/01\/DSC02688-18x10.jpg 18w, https:\/\/namelok.com\/wp-content\/uploads\/2022\/01\/DSC02688-496x279.jpg 496w\" sizes=\"auto, (max-width: 1024px) 100vw, 1024px\" \/><\/figure><\/li><li class=\"blocks-gallery-item\"><figure><img loading=\"lazy\" decoding=\"async\" width=\"1024\" height=\"683\" src=\"https:\/\/namelok.com\/wp-content\/uploads\/2022\/01\/IMG_1820-1-1024x683.jpg\" alt=\"\" data-id=\"661\" data-full-url=\"https:\/\/namelok.com\/wp-content\/uploads\/2022\/01\/IMG_1820-1-scaled.jpg\" data-link=\"https:\/\/namelok.com\/namelok-camp\/photos\/img_1820-1\/\" class=\"wp-image-661\" srcset=\"https:\/\/namelok.com\/wp-content\/uploads\/2022\/01\/IMG_1820-1-1024x683.jpg 1024w, https:\/\/namelok.com\/wp-content\/uploads\/2022\/01\/IMG_1820-1-300x200.jpg 300w, https:\/\/namelok.com\/wp-content\/uploads\/2022\/01\/IMG_1820-1-768x512.jpg 768w, https:\/\/namelok.com\/wp-content\/uploads\/2022\/01\/IMG_1820-1-1536x1024.jpg 1536w, https:\/\/namelok.com\/wp-content\/uploads\/2022\/01\/IMG_1820-1-2048x1365.jpg 2048w, https:\/\/namelok.com\/wp-content\/uploads\/2022\/01\/IMG_1820-1-18x12.jpg 18w, https:\/\/namelok.com\/wp-content\/uploads\/2022\/01\/IMG_1820-1-450x300.jpg 450w\" sizes=\"auto, (max-width: 1024px) 100vw, 1024px\" \/><\/figure><\/li><\/ul><\/figure>\n\n\n\n<div class=\"wp-block-image\"><figure class=\"aligncenter size-large\"><img loading=\"lazy\" decoding=\"async\" width=\"1024\" height=\"683\" src=\"https:\/\/namelok.com\/wp-content\/uploads\/2021\/09\/IMG_1436-1024x683.jpg\" alt=\"\" class=\"wp-image-286\" srcset=\"https:\/\/namelok.com\/wp-content\/uploads\/2021\/09\/IMG_1436-1024x683.jpg 1024w, https:\/\/namelok.com\/wp-content\/uploads\/2021\/09\/IMG_1436-300x200.jpg 300w, https:\/\/namelok.com\/wp-content\/uploads\/2021\/09\/IMG_1436-768x512.jpg 768w, https:\/\/namelok.com\/wp-content\/uploads\/2021\/09\/IMG_1436-1536x1024.jpg 1536w, https:\/\/namelok.com\/wp-content\/uploads\/2021\/09\/IMG_1436-2048x1365.jpg 2048w, https:\/\/namelok.com\/wp-content\/uploads\/2021\/09\/IMG_1436-450x300.jpg 450w\" sizes=\"auto, (max-width: 1024px) 100vw, 1024px\" \/><figcaption>La Maman de Koitamet<\/figcaption><\/figure><\/div>\n\n\n\n<p>Le Maasa\u00ef Mara<\/p>\n\n\n\n<div class=\"wp-block-group\"><div class=\"wp-block-group__inner-container is-layout-flow wp-block-group-is-layout-flow\">\n<figure class=\"wp-block-gallery columns-3 is-cropped wp-block-gallery-2 is-layout-flex wp-block-gallery-is-layout-flex\"><ul class=\"blocks-gallery-grid\"><li class=\"blocks-gallery-item\"><figure><img loading=\"lazy\" decoding=\"async\" width=\"1024\" height=\"768\" src=\"https:\/\/namelok.com\/wp-content\/uploads\/2022\/01\/IMG_0195-1024x768.jpg\" alt=\"\" data-id=\"630\" class=\"wp-image-630\" srcset=\"https:\/\/namelok.com\/wp-content\/uploads\/2022\/01\/IMG_0195-1024x768.jpg 1024w, https:\/\/namelok.com\/wp-content\/uploads\/2022\/01\/IMG_0195-300x225.jpg 300w, https:\/\/namelok.com\/wp-content\/uploads\/2022\/01\/IMG_0195-768x576.jpg 768w, https:\/\/namelok.com\/wp-content\/uploads\/2022\/01\/IMG_0195-1536x1152.jpg 1536w, https:\/\/namelok.com\/wp-content\/uploads\/2022\/01\/IMG_0195-16x12.jpg 16w, https:\/\/namelok.com\/wp-content\/uploads\/2022\/01\/IMG_0195-400x300.jpg 400w, https:\/\/namelok.com\/wp-content\/uploads\/2022\/01\/IMG_0195.jpg 2048w\" sizes=\"auto, (max-width: 1024px) 100vw, 1024px\" \/><\/figure><\/li><li class=\"blocks-gallery-item\"><figure><img loading=\"lazy\" decoding=\"async\" width=\"1024\" height=\"768\" src=\"https:\/\/namelok.com\/wp-content\/uploads\/2022\/01\/IMG_0352-1024x768.jpg\" alt=\"\" data-id=\"631\" data-link=\"https:\/\/namelok.com\/namelok-camp\/photos\/olympus-digital-camera-2\/\" class=\"wp-image-631\" srcset=\"https:\/\/namelok.com\/wp-content\/uploads\/2022\/01\/IMG_0352-1024x768.jpg 1024w, https:\/\/namelok.com\/wp-content\/uploads\/2022\/01\/IMG_0352-300x225.jpg 300w, https:\/\/namelok.com\/wp-content\/uploads\/2022\/01\/IMG_0352-768x576.jpg 768w, https:\/\/namelok.com\/wp-content\/uploads\/2022\/01\/IMG_0352-1536x1152.jpg 1536w, https:\/\/namelok.com\/wp-content\/uploads\/2022\/01\/IMG_0352-2048x1536.jpg 2048w, https:\/\/namelok.com\/wp-content\/uploads\/2022\/01\/IMG_0352-16x12.jpg 16w, https:\/\/namelok.com\/wp-content\/uploads\/2022\/01\/IMG_0352-400x300.jpg 400w\" sizes=\"auto, (max-width: 1024px) 100vw, 1024px\" \/><\/figure><\/li><li class=\"blocks-gallery-item\"><figure><img loading=\"lazy\" decoding=\"async\" width=\"1024\" height=\"768\" src=\"https:\/\/namelok.com\/wp-content\/uploads\/2022\/01\/IMG_0399-1024x768.jpg\" alt=\"\" data-id=\"632\" data-link=\"https:\/\/namelok.com\/namelok-camp\/photos\/olympus-digital-camera-3\/\" class=\"wp-image-632\" srcset=\"https:\/\/namelok.com\/wp-content\/uploads\/2022\/01\/IMG_0399-1024x768.jpg 1024w, https:\/\/namelok.com\/wp-content\/uploads\/2022\/01\/IMG_0399-300x225.jpg 300w, https:\/\/namelok.com\/wp-content\/uploads\/2022\/01\/IMG_0399-768x576.jpg 768w, https:\/\/namelok.com\/wp-content\/uploads\/2022\/01\/IMG_0399-1536x1152.jpg 1536w, https:\/\/namelok.com\/wp-content\/uploads\/2022\/01\/IMG_0399-2048x1536.jpg 2048w, https:\/\/namelok.com\/wp-content\/uploads\/2022\/01\/IMG_0399-16x12.jpg 16w, https:\/\/namelok.com\/wp-content\/uploads\/2022\/01\/IMG_0399-400x300.jpg 400w\" sizes=\"auto, (max-width: 1024px) 100vw, 1024px\" \/><\/figure><\/li><li class=\"blocks-gallery-item\"><figure><img loading=\"lazy\" decoding=\"async\" width=\"1024\" height=\"768\" src=\"https:\/\/namelok.com\/wp-content\/uploads\/2022\/01\/IMG_0422-1024x768.jpg\" alt=\"\" data-id=\"633\" data-link=\"https:\/\/namelok.com\/namelok-camp\/photos\/olympus-digital-camera-4\/\" class=\"wp-image-633\" srcset=\"https:\/\/namelok.com\/wp-content\/uploads\/2022\/01\/IMG_0422-1024x768.jpg 1024w, https:\/\/namelok.com\/wp-content\/uploads\/2022\/01\/IMG_0422-300x225.jpg 300w, https:\/\/namelok.com\/wp-content\/uploads\/2022\/01\/IMG_0422-768x576.jpg 768w, https:\/\/namelok.com\/wp-content\/uploads\/2022\/01\/IMG_0422-1536x1152.jpg 1536w, https:\/\/namelok.com\/wp-content\/uploads\/2022\/01\/IMG_0422-2048x1536.jpg 2048w, https:\/\/namelok.com\/wp-content\/uploads\/2022\/01\/IMG_0422-16x12.jpg 16w, https:\/\/namelok.com\/wp-content\/uploads\/2022\/01\/IMG_0422-400x300.jpg 400w\" sizes=\"auto, (max-width: 1024px) 100vw, 1024px\" \/><\/figure><\/li><li class=\"blocks-gallery-item\"><figure><img loading=\"lazy\" decoding=\"async\" width=\"1024\" height=\"768\" src=\"https:\/\/namelok.com\/wp-content\/uploads\/2022\/01\/IMG_0537-1024x768.jpg\" alt=\"\" data-id=\"634\" data-link=\"https:\/\/namelok.com\/namelok-camp\/photos\/olympus-digital-camera-5\/\" class=\"wp-image-634\" srcset=\"https:\/\/namelok.com\/wp-content\/uploads\/2022\/01\/IMG_0537-1024x768.jpg 1024w, https:\/\/namelok.com\/wp-content\/uploads\/2022\/01\/IMG_0537-300x225.jpg 300w, https:\/\/namelok.com\/wp-content\/uploads\/2022\/01\/IMG_0537-768x576.jpg 768w, https:\/\/namelok.com\/wp-content\/uploads\/2022\/01\/IMG_0537-1536x1152.jpg 1536w, https:\/\/namelok.com\/wp-content\/uploads\/2022\/01\/IMG_0537-2048x1536.jpg 2048w, https:\/\/namelok.com\/wp-content\/uploads\/2022\/01\/IMG_0537-16x12.jpg 16w, https:\/\/namelok.com\/wp-content\/uploads\/2022\/01\/IMG_0537-400x300.jpg 400w\" sizes=\"auto, (max-width: 1024px) 100vw, 1024px\" \/><\/figure><\/li><li class=\"blocks-gallery-item\"><figure><img loading=\"lazy\" decoding=\"async\" width=\"1024\" height=\"768\" src=\"https:\/\/namelok.com\/wp-content\/uploads\/2022\/01\/IMG_0598-1024x768.jpg\" alt=\"\" data-id=\"636\" data-link=\"https:\/\/namelok.com\/namelok-camp\/photos\/olympus-digital-camera-6\/\" class=\"wp-image-636\" srcset=\"https:\/\/namelok.com\/wp-content\/uploads\/2022\/01\/IMG_0598-1024x768.jpg 1024w, https:\/\/namelok.com\/wp-content\/uploads\/2022\/01\/IMG_0598-300x225.jpg 300w, https:\/\/namelok.com\/wp-content\/uploads\/2022\/01\/IMG_0598-768x576.jpg 768w, https:\/\/namelok.com\/wp-content\/uploads\/2022\/01\/IMG_0598-1536x1152.jpg 1536w, https:\/\/namelok.com\/wp-content\/uploads\/2022\/01\/IMG_0598-2048x1536.jpg 2048w, https:\/\/namelok.com\/wp-content\/uploads\/2022\/01\/IMG_0598-16x12.jpg 16w, https:\/\/namelok.com\/wp-content\/uploads\/2022\/01\/IMG_0598-400x300.jpg 400w\" sizes=\"auto, (max-width: 1024px) 100vw, 1024px\" \/><\/figure><\/li><li class=\"blocks-gallery-item\"><figure><img loading=\"lazy\" decoding=\"async\" width=\"1024\" height=\"768\" src=\"https:\/\/namelok.com\/wp-content\/uploads\/2022\/01\/IMG_0643-1024x768.jpg\" alt=\"\" data-id=\"638\" data-link=\"https:\/\/namelok.com\/namelok-camp\/photos\/olympus-digital-camera-7\/\" class=\"wp-image-638\" srcset=\"https:\/\/namelok.com\/wp-content\/uploads\/2022\/01\/IMG_0643-1024x768.jpg 1024w, https:\/\/namelok.com\/wp-content\/uploads\/2022\/01\/IMG_0643-300x225.jpg 300w, https:\/\/namelok.com\/wp-content\/uploads\/2022\/01\/IMG_0643-768x576.jpg 768w, https:\/\/namelok.com\/wp-content\/uploads\/2022\/01\/IMG_0643-1536x1152.jpg 1536w, https:\/\/namelok.com\/wp-content\/uploads\/2022\/01\/IMG_0643-2048x1536.jpg 2048w, https:\/\/namelok.com\/wp-content\/uploads\/2022\/01\/IMG_0643-16x12.jpg 16w, https:\/\/namelok.com\/wp-content\/uploads\/2022\/01\/IMG_0643-400x300.jpg 400w\" sizes=\"auto, (max-width: 1024px) 100vw, 1024px\" \/><\/figure><\/li><li class=\"blocks-gallery-item\"><figure><img loading=\"lazy\" decoding=\"async\" width=\"1024\" height=\"768\" src=\"https:\/\/namelok.com\/wp-content\/uploads\/2022\/01\/IMG_0778-1024x768.jpg\" alt=\"\" data-id=\"639\" data-link=\"https:\/\/namelok.com\/namelok-camp\/photos\/olympus-digital-camera-8\/\" class=\"wp-image-639\" srcset=\"https:\/\/namelok.com\/wp-content\/uploads\/2022\/01\/IMG_0778-1024x768.jpg 1024w, https:\/\/namelok.com\/wp-content\/uploads\/2022\/01\/IMG_0778-300x225.jpg 300w, https:\/\/namelok.com\/wp-content\/uploads\/2022\/01\/IMG_0778-768x576.jpg 768w, https:\/\/namelok.com\/wp-content\/uploads\/2022\/01\/IMG_0778-1536x1152.jpg 1536w, https:\/\/namelok.com\/wp-content\/uploads\/2022\/01\/IMG_0778-2048x1536.jpg 2048w, https:\/\/namelok.com\/wp-content\/uploads\/2022\/01\/IMG_0778-16x12.jpg 16w, https:\/\/namelok.com\/wp-content\/uploads\/2022\/01\/IMG_0778-400x300.jpg 400w\" sizes=\"auto, (max-width: 1024px) 100vw, 1024px\" \/><\/figure><\/li><li class=\"blocks-gallery-item\"><figure><img loading=\"lazy\" decoding=\"async\" width=\"1024\" height=\"768\" src=\"https:\/\/namelok.com\/wp-content\/uploads\/2022\/01\/IMG_7404-1024x768.jpg\" alt=\"\" data-id=\"642\" data-link=\"https:\/\/namelok.com\/namelok-camp\/photos\/olympus-digital-camera-9\/\" class=\"wp-image-642\" srcset=\"https:\/\/namelok.com\/wp-content\/uploads\/2022\/01\/IMG_7404-1024x768.jpg 1024w, https:\/\/namelok.com\/wp-content\/uploads\/2022\/01\/IMG_7404-300x225.jpg 300w, https:\/\/namelok.com\/wp-content\/uploads\/2022\/01\/IMG_7404-768x576.jpg 768w, https:\/\/namelok.com\/wp-content\/uploads\/2022\/01\/IMG_7404-1536x1152.jpg 1536w, https:\/\/namelok.com\/wp-content\/uploads\/2022\/01\/IMG_7404-2048x1536.jpg 2048w, https:\/\/namelok.com\/wp-content\/uploads\/2022\/01\/IMG_7404-16x12.jpg 16w, https:\/\/namelok.com\/wp-content\/uploads\/2022\/01\/IMG_7404-400x300.jpg 400w\" sizes=\"auto, (max-width: 1024px) 100vw, 1024px\" \/><\/figure><\/li><li class=\"blocks-gallery-item\"><figure><img loading=\"lazy\" decoding=\"async\" width=\"1024\" height=\"768\" src=\"https:\/\/namelok.com\/wp-content\/uploads\/2022\/01\/IMG_8296-1024x768.jpg\" alt=\"\" data-id=\"643\" data-link=\"https:\/\/namelok.com\/namelok-camp\/photos\/olympus-digital-camera-10\/\" class=\"wp-image-643\" srcset=\"https:\/\/namelok.com\/wp-content\/uploads\/2022\/01\/IMG_8296-1024x768.jpg 1024w, https:\/\/namelok.com\/wp-content\/uploads\/2022\/01\/IMG_8296-300x225.jpg 300w, https:\/\/namelok.com\/wp-content\/uploads\/2022\/01\/IMG_8296-768x576.jpg 768w, https:\/\/namelok.com\/wp-content\/uploads\/2022\/01\/IMG_8296-1536x1152.jpg 1536w, https:\/\/namelok.com\/wp-content\/uploads\/2022\/01\/IMG_8296-2048x1536.jpg 2048w, https:\/\/namelok.com\/wp-content\/uploads\/2022\/01\/IMG_8296-16x12.jpg 16w, https:\/\/namelok.com\/wp-content\/uploads\/2022\/01\/IMG_8296-400x300.jpg 400w\" sizes=\"auto, (max-width: 1024px) 100vw, 1024px\" \/><\/figure><\/li><li class=\"blocks-gallery-item\"><figure><img loading=\"lazy\" decoding=\"async\" width=\"1024\" height=\"768\" src=\"https:\/\/namelok.com\/wp-content\/uploads\/2022\/01\/IMG_9183-1024x768.jpg\" alt=\"\" data-id=\"644\" data-link=\"https:\/\/namelok.com\/namelok-camp\/photos\/img_9183\/\" class=\"wp-image-644\" srcset=\"https:\/\/namelok.com\/wp-content\/uploads\/2022\/01\/IMG_9183-1024x768.jpg 1024w, https:\/\/namelok.com\/wp-content\/uploads\/2022\/01\/IMG_9183-300x225.jpg 300w, https:\/\/namelok.com\/wp-content\/uploads\/2022\/01\/IMG_9183-768x576.jpg 768w, https:\/\/namelok.com\/wp-content\/uploads\/2022\/01\/IMG_9183-1536x1152.jpg 1536w, https:\/\/namelok.com\/wp-content\/uploads\/2022\/01\/IMG_9183-2048x1536.jpg 2048w, https:\/\/namelok.com\/wp-content\/uploads\/2022\/01\/IMG_9183-16x12.jpg 16w, https:\/\/namelok.com\/wp-content\/uploads\/2022\/01\/IMG_9183-400x300.jpg 400w\" sizes=\"auto, (max-width: 1024px) 100vw, 1024px\" \/><\/figure><\/li><li class=\"blocks-gallery-item\"><figure><img loading=\"lazy\" decoding=\"async\" width=\"1024\" height=\"768\" src=\"https:\/\/namelok.com\/wp-content\/uploads\/2022\/01\/IMG_9658-1024x768.jpg\" alt=\"\" data-id=\"645\" data-link=\"https:\/\/namelok.com\/namelok-camp\/photos\/olympus-digital-camera-11\/\" class=\"wp-image-645\" srcset=\"https:\/\/namelok.com\/wp-content\/uploads\/2022\/01\/IMG_9658-1024x768.jpg 1024w, https:\/\/namelok.com\/wp-content\/uploads\/2022\/01\/IMG_9658-300x225.jpg 300w, https:\/\/namelok.com\/wp-content\/uploads\/2022\/01\/IMG_9658-768x576.jpg 768w, https:\/\/namelok.com\/wp-content\/uploads\/2022\/01\/IMG_9658-1536x1152.jpg 1536w, https:\/\/namelok.com\/wp-content\/uploads\/2022\/01\/IMG_9658-2048x1536.jpg 2048w, https:\/\/namelok.com\/wp-content\/uploads\/2022\/01\/IMG_9658-16x12.jpg 16w, https:\/\/namelok.com\/wp-content\/uploads\/2022\/01\/IMG_9658-400x300.jpg 400w\" sizes=\"auto, (max-width: 1024px) 100vw, 1024px\" \/><\/figure><\/li><li class=\"blocks-gallery-item\"><figure><img loading=\"lazy\" decoding=\"async\" width=\"1024\" height=\"768\" src=\"https:\/\/namelok.com\/wp-content\/uploads\/2022\/01\/IMG_9991-1024x768.jpg\" alt=\"\" data-id=\"646\" data-full-url=\"https:\/\/namelok.com\/wp-content\/uploads\/2022\/01\/IMG_9991-scaled.jpg\" data-link=\"https:\/\/namelok.com\/namelok-camp\/photos\/olympus-digital-camera-12\/\" class=\"wp-image-646\" srcset=\"https:\/\/namelok.com\/wp-content\/uploads\/2022\/01\/IMG_9991-1024x768.jpg 1024w, https:\/\/namelok.com\/wp-content\/uploads\/2022\/01\/IMG_9991-300x225.jpg 300w, https:\/\/namelok.com\/wp-content\/uploads\/2022\/01\/IMG_9991-768x576.jpg 768w, https:\/\/namelok.com\/wp-content\/uploads\/2022\/01\/IMG_9991-1536x1152.jpg 1536w, https:\/\/namelok.com\/wp-content\/uploads\/2022\/01\/IMG_9991-2048x1536.jpg 2048w, https:\/\/namelok.com\/wp-content\/uploads\/2022\/01\/IMG_9991-16x12.jpg 16w, https:\/\/namelok.com\/wp-content\/uploads\/2022\/01\/IMG_9991-400x300.jpg 400w\" sizes=\"auto, (max-width: 1024px) 100vw, 1024px\" \/><\/figure><\/li><\/ul><\/figure>\n<\/div><\/div>\n","protected":false},"excerpt":{"rendered":"<p>Autour de chez nous&#8230; Le Maasa\u00ef Mara<\/p>\n","protected":false},"author":1,"featured_media":0,"parent":33,"menu_order":0,"comment_status":"closed","ping_status":"closed","template":"","meta":{"footnotes":""},"class_list":["post-35","page","type-page","status-publish","hentry"],"_links":{"self":[{"href":"https:\/\/namelok.com\/fr\/wp-json\/wp\/v2\/pages\/35","targetHints":{"allow":["GET"]}}],"collection":[{"href":"https:\/\/namelok.com\/fr\/wp-json\/wp\/v2\/pages"}],"about":[{"href":"https:\/\/namelok.com\/fr\/wp-json\/wp\/v2\/types\/page"}],"author":[{"embeddable":true,"href":"https:\/\/namelok.com\/fr\/wp-json\/wp\/v2\/users\/1"}],"replies":[{"embeddable":true,"href":"https:\/\/namelok.com\/fr\/wp-json\/wp\/v2\/comments?post=35"}],"version-history":[{"count":5,"href":"https:\/\/namelok.com\/fr\/wp-json\/wp\/v2\/pages\/35\/revisions"}],"predecessor-version":[{"id":662,"href":"https:\/\/namelok.com\/fr\/wp-json\/wp\/v2\/pages\/35\/revisions\/662"}],"up":[{"embeddable":true,"href":"https:\/\/namelok.com\/fr\/wp-json\/wp\/v2\/pages\/33"}],"wp:attachment":[{"href":"https:\/\/namelok.com\/fr\/wp-json\/wp\/v2\/media?parent=35"}],"curies":[{"name":"wp","href":"https:\/\/api.w.org\/{rel}","templated":true}]}}