{"id":36,"date":"2021-07-13T13:43:01","date_gmt":"2021-07-13T11:43:01","guid":{"rendered":"http:\/\/namelok.com\/?page_id=36"},"modified":"2022-01-30T16:16:06","modified_gmt":"2022-01-30T15:16:06","slug":"temoignages","status":"publish","type":"page","link":"https:\/\/namelok.com\/fr\/namelok-camp\/temoignages\/","title":{"rendered":"T\u00e9moignages"},"content":{"rendered":"\n<blockquote class=\"wp-block-quote has-text-align-left is-style-default is-layout-flow wp-block-quote-is-layout-flow\"><p>Dix jours \u00e0 Namelok, une formidable exp\u00e9rience !<\/p><p>Ce sont dix jours de vacance (c\u2019est expr\u00e8s que je ne mets pas de s), dans un camp qui offre du temps, <\/p><p>des ciels \u00e9toil\u00e9s, des repas du soir autour du feu, <\/p><p>des sons nouveaux, un confort amplement suffisant et une cuisine d\u00e9licieuse.<\/p><p>Karine et Koitamet et tout le staff nous donnent sourires,<\/p><p>attention, s\u00e9curit\u00e9 et organisent de belles activit\u00e9s p\u00e9destres et riches en rencontres. <\/p><p>Au retour, dans ma t\u00eate et dans mon coeur, beaucoup de sensations,<\/p><p>d\u2019images et la richesses de deux d\u00e9couvertes marquantes : <\/p><p>La d\u00e9couverte d\u2019un mode de vie hors de notre temps, en liaison si proche avec ce que la nature propose. <\/p><p>La d\u00e9couverte d\u2019un paysage presque illimit\u00e9, j\u2019avais souvent l\u2019impression d\u2019\u00eatre \u00ab au milieu de nulle part \u00bb; <\/p><p>dans cette immensit\u00e9, la vision de la lointaine silhouette rouge d\u2019un Maasa\u00ef <\/p><p>fait que vous redressez votre posture,  et vous vous retrouvez les pieds ancr\u00e9s sur ce sol des d\u00e9buts de l\u2019humanit\u00e9 <\/p><p>et la t\u00eate si justement plac\u00e9e, les yeux tranquilles parcourant l\u2019horizon\u2026<\/p><cite>Edith<\/cite><\/blockquote>\n\n\n\n<blockquote class=\"wp-block-quote has-text-align-left is-style-default is-layout-flow wp-block-quote-is-layout-flow\"><p>Namelok Camp est une merveille d&rsquo;authenticit\u00e9, de simplicit\u00e9, de coeur, de chaleur, de douceur et de s\u00e9r\u00e9nit\u00e9.<\/p><p>C&rsquo;est un parfait m\u00e9lange de respect des traditions entrem\u00eal\u00e9 d&rsquo;une d\u00e9licate pudeur de g\u00e9n\u00e9rosit\u00e9.<\/p><p>Ce lieu vibre de l&rsquo;\u00e9tincelle qui p\u00e9tille dans les yeux de Karine Nanyorri.<\/p><p>De la destin\u00e9e de son chemin amoureux, de la profonde joie qui vient de son coeur jusqu&rsquo;aux cieux&#8230;<\/p><p>Et par toute cette douceur, propage un \u00e9gr\u00e9gore de gens heureux&#8230;<\/p><p>Merci Karine et Koitamet pour votre accueil si authentique et chaleureux.  <\/p><cite>Aurore Nashipa\u00ef<\/cite><\/blockquote>\n\n\n\n<blockquote class=\"wp-block-quote is-layout-flow wp-block-quote-is-layout-flow\"><p>J&rsquo;ai s\u00e9journ\u00e9 \u00e0 Namelok Camp avec ma fille de 11 ans \u00e0 l&rsquo;\u00e9poque, en f\u00e9vrier 2020. <\/p><p>Les derni\u00e8res maisons du camp \u00e9taient tout juste finies et nous avons a-do-r\u00e9.<\/p><p>Le lieu, l&rsquo;accueil, les couleurs, les paysages, les chants, les danses, les rires et la joie de ce peuple<\/p><p>tellement ouvert et bienveillant.<\/p><p>On y retourne \u00e0 la Toussaint 2021 avec une grande joie de tous les retrouver.<\/p><cite>Val\u00e9rie<\/cite><\/blockquote>\n\n\n\n<div class=\"wp-block-group\"><div class=\"wp-block-group__inner-container is-layout-flow wp-block-group-is-layout-flow\">\n<div class=\"wp-block-columns is-layout-flex wp-container-core-columns-is-layout-9d6595d7 wp-block-columns-is-layout-flex\">\n<div class=\"wp-block-column is-layout-flow wp-block-column-is-layout-flow\" style=\"flex-basis:100%\">\n<blockquote class=\"wp-block-quote has-text-align-left is-layout-flow wp-block-quote-is-layout-flow\"><p>Enfant, je r\u00eavais d&rsquo;Afrique, de \u00ab\u00a0rencontrer pour de vrai\u00a0\u00bb les girafes, les \u00e9l\u00e9phants et les lions&#8230; <\/p><p>de les voir courir dans la savane et de d\u00e9couvrir d&rsquo;autre paysages.<\/p><p>Plus grande, j&rsquo;avais l&rsquo;envie de m&rsquo;ouvrir \u00e0 d&rsquo;autres peuples, \u00e0 d&rsquo;autres cultures&#8230; apprendre, <\/p><p>\u00e9changer, partager et m&rsquo;enrichir par de nouvelles rencontres et des modes de vie diff\u00e9rents.<\/p><p>Cet automne, j&rsquo;ai r\u00e9alis\u00e9 ces r\u00eaves et je suis partie au Kenya&#8230; <\/p><p>pas dans un circuit pour touristes, mais dans un voyage diff\u00e9rent, <\/p><p>o\u00f9 l&rsquo;authenticit\u00e9 existe, o\u00f9 l&rsquo;on vit avec des gens du coin, les Maasa\u00efs : Namelok Camp.<\/p><p>Aujourd&rsquo;hui encore, des tas d&rsquo;images me reviennent; la r\u00e9alit\u00e9 a d\u00e9pass\u00e9 mes r\u00eaves.<\/p><p>J&rsquo;ai \u00e9t\u00e9 bluff\u00e9e par ce s\u00e9jour o\u00f9 tout part du coeur :<\/p><p>&#8211; la g\u00e9n\u00e9rosit\u00e9, la bienveillance, l&rsquo;envie d&rsquo;aider l&rsquo;autre<\/p><p>&#8211; le plaisir de faire d\u00e9couvrir et de partager le pays, les coutumes et les rituels<\/p><p>&#8211; la gentillesse, les sourires, la joie de vivre de chacun, du matin au soir.<\/p><p>M\u00eame avec la barri\u00e8re de la langue (je ne parle ni l&rsquo;anglais, ni le maa), les \u00e9motions, le ressenti <\/p><p>et le dialogue existent&#8230; et ils sont intenses. C&rsquo;est une v\u00e9ritable rencontre d&rsquo;amour.<\/p><p>Alors merci \u00e0 Karine, Koitamet et toute votre \u00e9quipe de nous permettre de vivre ces moments magnifiques,<\/p><p>merci pour votre accueil fantastique et vos petits soins quotidiens.<\/p><p>Merci d&rsquo;\u00eatre ce que vous \u00eates.<\/p><cite>Muriel<\/cite><\/blockquote>\n<\/div>\n<\/div>\n<\/div><\/div>\n\n\n\n<blockquote class=\"wp-block-quote has-text-align-left is-layout-flow wp-block-quote-is-layout-flow\"><p>Tout simplement le voyage de r\u00eave !<\/p><p>Le moyen parfait pour \u00eatre en immersion totale avec la communaut\u00e9 Maasa\u00efe et <\/p><p>vivre \u00e0 leurs c\u00f4t\u00e9s tout en ayant un confort agr\u00e9able.<\/p><cite>Antoine<\/cite><\/blockquote>\n\n\n\n\n\n<blockquote class=\"wp-block-quote is-layout-flow wp-block-quote-is-layout-flow\"><p>Je suis all\u00e9e \u00e0 Namelok Camp pour la premi\u00e8re fois en f\u00e9vrier 2020. C&rsquo;\u00e9tait une semaine m\u00e9morable, magnifique !<\/p><p>Remplie de sourires, de rencontres inoubliables, de sublimes couleurs et d&rsquo;un accueil chaleureux par Karine et Koitamet ainsi que toute l&rsquo;\u00e9quipe.<\/p><p>Depuis, j&rsquo;y retourne chaque ann\u00e9e, c&rsquo;est mon bol d&rsquo;air qui me permet de me recentrer.<\/p><p>Je recommande vivement cette merveilleuse aventure.<\/p><cite>V\u00e9ronique<\/cite><\/blockquote>\n\n\n\n<blockquote class=\"wp-block-quote is-layout-flow wp-block-quote-is-layout-flow\"><p>La r\u00e9gion maasa\u00efe est magnifique. <\/p><p>Chaque jour avec son lot de d\u00e9couvertes : une marche en for\u00eat en se demandant quels animaux on allait croiser, une visite d&rsquo;\u00e9cole lors d&rsquo;un rituel de remerciements, des chants, des danses tout en couleurs, une nuit dans le bush \u00e0 faire griller de la viande et dormir sous un ciel grandiose rempli d&rsquo;\u00e9toiles, un buffle est pass\u00e9 pas tr\u00e8s loin, tu ne l&rsquo;as m\u00eame pas remarqu\u00e9, mais les maasa\u00efs oui. <\/p><p>Le safari pour voir les gnous passer la rivi\u00e8re en perdant un ou deux des leurs, nourriture pour les crocos, sans parler des girafes, des \u00e9l\u00e9phants, des z\u00e8bres, des lions, des gu\u00e9pards, des l\u00e9opards, des buffles et beaucoup d&rsquo;autres animaux. <\/p><p>La vie sauvage au quotidien, authentique et pure, au milieu de gens sympas qui connaissent et savent se pr\u00e9munir des dangers omnipr\u00e9sents, une exp\u00e9rience qui restera grav\u00e9e.<\/p><cite>Philippe<\/cite><\/blockquote>\n","protected":false},"excerpt":{"rendered":"<p>Dix jours \u00e0 Namelok, une formidable exp\u00e9rience ! Ce sont dix jours de vacance (c\u2019est expr\u00e8s que je ne mets pas de s), dans un &hellip;<\/p>\n","protected":false},"author":1,"featured_media":0,"parent":33,"menu_order":0,"comment_status":"closed","ping_status":"closed","template":"","meta":{"footnotes":""},"class_list":["post-36","page","type-page","status-publish","hentry"],"_links":{"self":[{"href":"https:\/\/namelok.com\/fr\/wp-json\/wp\/v2\/pages\/36","targetHints":{"allow":["GET"]}}],"collection":[{"href":"https:\/\/namelok.com\/fr\/wp-json\/wp\/v2\/pages"}],"about":[{"href":"https:\/\/namelok.com\/fr\/wp-json\/wp\/v2\/types\/page"}],"author":[{"embeddable":true,"href":"https:\/\/namelok.com\/fr\/wp-json\/wp\/v2\/users\/1"}],"replies":[{"embeddable":true,"href":"https:\/\/namelok.com\/fr\/wp-json\/wp\/v2\/comments?post=36"}],"version-history":[{"count":43,"href":"https:\/\/namelok.com\/fr\/wp-json\/wp\/v2\/pages\/36\/revisions"}],"predecessor-version":[{"id":805,"href":"https:\/\/namelok.com\/fr\/wp-json\/wp\/v2\/pages\/36\/revisions\/805"}],"up":[{"embeddable":true,"href":"https:\/\/namelok.com\/fr\/wp-json\/wp\/v2\/pages\/33"}],"wp:attachment":[{"href":"https:\/\/namelok.com\/fr\/wp-json\/wp\/v2\/media?parent=36"}],"curies":[{"name":"wp","href":"https:\/\/api.w.org\/{rel}","templated":true}]}}